{"id":4487,"date":"2025-04-03T09:59:54","date_gmt":"2025-04-03T07:59:54","guid":{"rendered":"https:\/\/bertrandneuman.com\/?page_id=4487"},"modified":"2025-07-23T10:27:57","modified_gmt":"2025-07-23T08:27:57","slug":"biographie","status":"publish","type":"page","link":"https:\/\/bertrandneuman.com\/","title":{"rendered":"Accueil"},"content":{"rendered":"<section class=\"wpb-content-wrapper\"><p>[vc_row css=\u00a0\u00bb.vc_custom_1743669047936{margin-bottom: -50px !important;}\u00a0\u00bb][vc_column]\n\t\t\t<!-- START BIOGRAPHIE REVOLUTION SLIDER 6.6.14 --><p class=\"rs-p-wp-fix\"><\/p>\n\t\t\t<rs-module-wrap id=\"rev_slider_5_1_wrapper\" data-source=\"gallery\" style=\"visibility:hidden;background:transparent;padding:0;margin:0px auto;margin-top:0;margin-bottom:0;background-image:url(http:\/\/virtuoso.elated-themes.com\/wp-content\/uploads\/2015\/10\/home-2-slide-background-1.jpg);background-repeat:no-repeat;background-size:cover;background-position:center top;\">\n\t\t\t\t<rs-module id=\"rev_slider_5_1\" style=\"\" data-version=\"6.6.14\">\n\t\t\t\t\t<rs-slides style=\"overflow: hidden; position: absolute;\">\n\t\t\t\t\t\t<rs-slide style=\"position: absolute;\" data-key=\"rs-7\" data-title=\"Home 2\" data-thumb=\"\/\/bertrandneuman.com\/wp-content\/uploads\/2025\/04\/c2428b9e7aa407869e9bb129c5d57b0e-100x50.jpg\" data-in=\"o:0;\" data-out=\"a:false;\" data-p1=\"1\/3\">\n\t\t\t\t\t\t\t<img decoding=\"async\" src=\"\/\/bertrandneuman.com\/wp-content\/plugins\/revslider\/public\/assets\/assets\/dummy.png\" alt=\"\" title=\"c2428b9e7aa407869e9bb129c5d57b0e\" width=\"1000\" height=\"699\" class=\"rev-slidebg tp-rs-img rs-lazyload\" data-lazyload=\"\/\/bertrandneuman.com\/wp-content\/uploads\/2025\/04\/c2428b9e7aa407869e9bb129c5d57b0e.jpg\" data-parallax=\"off\" data-no-retina>\n<!---->\t\t\t\t\t\t<\/rs-slide>\n\t\t\t\t\t\t<rs-slide style=\"position: absolute;\" data-key=\"rs-8\" data-title=\"Slide\" data-thumb=\"\/\/bertrandneuman.com\/wp-content\/uploads\/2025\/04\/4521be766d9ddf4b0641749b781ff0d2-100x50.jpg\" data-duration=\"5930\" data-in=\"o:0;\" data-out=\"a:false;\" data-p1=\"2\/3\">\n\t\t\t\t\t\t\t<img decoding=\"async\" src=\"\/\/bertrandneuman.com\/wp-content\/plugins\/revslider\/public\/assets\/assets\/dummy.png\" alt=\"\" title=\"4521be766d9ddf4b0641749b781ff0d2\" width=\"1000\" height=\"663\" class=\"rev-slidebg tp-rs-img rs-lazyload\" data-lazyload=\"\/\/bertrandneuman.com\/wp-content\/uploads\/2025\/04\/4521be766d9ddf4b0641749b781ff0d2.jpg\" data-bg=\"p:center bottom;\" data-parallax=\"off\" data-no-retina>\n<!--\n\t\t\t\t\t\t\t--><rs-layer\n\t\t\t\t\t\t\t\tid=\"slider-5-slide-8-layer-4\" \n\t\t\t\t\t\t\t\tdata-type=\"text\"\n\t\t\t\t\t\t\t\tdata-color=\"rgba(255,255,255,1)\"\n\t\t\t\t\t\t\t\tdata-rsp_ch=\"on\"\n\t\t\t\t\t\t\t\tdata-xy=\"x:c;xo:0,0,-15px,0;yo:382px,218px,144px,89px;\"\n\t\t\t\t\t\t\t\tdata-text=\"w:nowrap,nowrap,nowrap,normal;s:60,40,40,30;l:72,72,72,70;fw:700;a:center;\"\n\t\t\t\t\t\t\t\tdata-dim=\"w:auto,auto,auto,769px;\"\n\t\t\t\t\t\t\t\tdata-frame_1=\"e:power2.inOut;st:800;sp:800;\"\n\t\t\t\t\t\t\t\tdata-frame_999=\"o:0;e:nothing;st:5290;sp:600;\"\n\t\t\t\t\t\t\t\tstyle=\"z-index:6;font-family:'Libre Baskerville';\"\n\t\t\t\t\t\t\t>GET INSPIRED \n\t\t\t\t\t\t\t<\/rs-layer><!--\n-->\t\t\t\t\t\t<\/rs-slide>\n\t\t\t\t\t\t<rs-slide style=\"position: absolute;\" data-key=\"rs-9\" data-title=\"Slide\" data-thumb=\"\/\/bertrandneuman.com\/wp-content\/uploads\/2025\/04\/f9c3036e0b664bab14847f7061a73da1-768x512-100x50.jpg\" data-duration=\"5930\" data-in=\"o:0;\" data-out=\"a:false;\" data-p1=\"3\/3\">\n\t\t\t\t\t\t\t<img decoding=\"async\" src=\"\/\/bertrandneuman.com\/wp-content\/plugins\/revslider\/public\/assets\/assets\/dummy.png\" alt=\"\" title=\"f9c3036e0b664bab14847f7061a73da1\" width=\"768\" height=\"512\" class=\"rev-slidebg tp-rs-img rs-lazyload\" data-lazyload=\"\/\/bertrandneuman.com\/wp-content\/uploads\/2025\/04\/f9c3036e0b664bab14847f7061a73da1-768x512.jpg\" data-parallax=\"off\" data-no-retina>\n<!---->\t\t\t\t\t\t<\/rs-slide>\n\t\t\t\t\t<\/rs-slides>\n\t\t\t\t<\/rs-module>\n\t\t\t\t<script>\n\t\t\t\t\tsetREVStartSize({c: 'rev_slider_5_1',rl:[1240,1024,778,480],el:[1100,768,700,600],gw:[1920,1400,778,480],gh:[1100,768,700,600],type:'standard',justify:'',layout:'fullwidth',mh:\"0\"});if (window.RS_MODULES!==undefined && window.RS_MODULES.modules!==undefined && window.RS_MODULES.modules[\"revslider51\"]!==undefined) {window.RS_MODULES.modules[\"revslider51\"].once = false;window.revapi5 = undefined;if (window.RS_MODULES.checkMinimal!==undefined) window.RS_MODULES.checkMinimal()}\n\t\t\t\t<\/script>\n\t\t\t<\/rs-module-wrap>\n\t\t\t<!-- END REVOLUTION SLIDER -->\n[\/vc_column][\/vc_row][vc_row][vc_column][vc_column_text]<\/p>\n<p>[\/vc_column_text][\/vc_column][\/vc_row][vc_row content_width=\u00a0\u00bbgrid\u00a0\u00bb css=\u00a0\u00bb.vc_custom_1444218363032{padding-top: 70px !important;padding-bottom: 40px !important;}\u00a0\u00bb][vc_column width=\u00a0\u00bb1\/4&Prime; offset=\u00a0\u00bbvc_col-lg-2 vc_col-md-2&Prime;][vc_column_text]<\/p>\n<h2><span data-huuid=\"7430120535955669027\">\u00c0 <\/span>PROPOS<\/h2>\n<p>[\/vc_column_text][vc_empty_space height=\u00a0\u00bb40px\u00a0\u00bb][vc_single_image image=\u00a0\u00bb6204&Prime; img_size=\u00a0\u00bbmedium\u00a0\u00bb][\/vc_column][vc_column width=\u00a0\u00bb1\/4&Prime; offset=\u00a0\u00bbvc_col-lg-10 vc_col-md-10&Prime;][vc_column_text]<span style=\"color: #000000;\">Bertrand Neuman est n\u00e9 le 10 juin 1967 \u00e0 Bruxelles et commence \u00e0 dessiner et \u00e0 peindre d\u00e8s l&rsquo;age de 7 ans.<\/span><\/p>\n<ul>\n<li><span style=\"color: #000000;\">1980 \u00e0 1985 : apprentissage de la couleur et de la composition chez le peintre Mikul\u00e1s Rachl\u00edk \u00e0<\/span><\/li>\n<li><span style=\"color: #000000;\">1984 \u00e0 1987 : humanit\u00e9s artistiques \u00e0 l&rsquo;Acad\u00e9mie Royale des Beaux-Arts de<\/span><\/li>\n<li><span style=\"color: #000000;\">1986 : suit les cours de l&rsquo;\u00e9cole d&rsquo;art d&rsquo;Uccle avec Ari\u00e9 Mandelbaum.<\/span><\/li>\n<li><span style=\"color: #000000;\">1987 \u00e0 1989 : \u00e9tudie au studio Cecil-Graves, \u00e0 Florence, les techniques de la Renaissance italienne avec la nouvelle \u00e9cole figurative am\u00e9ricaine.<\/span><\/li>\n<li><span style=\"color: #000000;\">1988 : travaille intens\u00e9ment le portrait et le mod\u00e8le vivant dans l&rsquo;atelier du peintre David Leffel \u00e0 l&rsquo;Arts Student League de New York.<\/span><\/li>\n<li><span style=\"color: #000000;\">Depuis 1988, voyage r\u00e9guli\u00e8rement aux \u00c9tats-Unis en particulier \u00e0 New York, Miami,Tucson (Arizona) et Santa Fe (Nouveau-Mexique) o\u00f9 il ex\u00e9cute des commandes pour des<\/span><\/li>\n<li><span style=\"color: #000000;\">2001 : pr\u00e9pare sa monographie \u00e0 para\u00eetre courant<\/span><\/li>\n<li><span style=\"color: #000000;\">Partage sa vie entre Florence et Bruxelles o\u00f9 il vit<\/span><\/li>\n<li><span style=\"color: #000000;\">Ses \u0153uvres se trouvent dans de nombreuses collections priv\u00e9es en Belgique, en France, en Italie et aux \u00c9tats-<\/span><\/li>\n<li><span style=\"color: #000000;\">A partir de 2009 collabore avec l&rsquo;atelier de Bruno Robbe pour l&rsquo;impression de ses<\/span><\/li>\n<li><span style=\"color: #000000;\">Depuis le milieu des ann\u00e9es 90 il g\u00e8re les \u0153uvres de son p\u00e8re le sculpteur Nat Neujean (1923-2018).<\/span><\/li>\n<\/ul>\n<p>[\/vc_column_text][vc_empty_space][vc_single_image image=\u00a0\u00bb6211&Prime; img_size=\u00a0\u00bb350&#215;350&Prime;][vc_empty_space height=\u00a0\u00bb40px\u00a0\u00bb][\/vc_column][\/vc_row][vc_column][\/vc_column]<\/p>\n<\/section>","protected":false},"excerpt":{"rendered":"<p>[vc_row css=\u00a0\u00bb.vc_custom_1743669047936{margin-bottom: -50px !important;}\u00a0\u00bb][vc_column][\/vc_column][\/vc_row][vc_row][vc_column][vc_column_text] [\/vc_column_text][\/vc_column][\/vc_row][vc_row content_width=\u00a0\u00bbgrid\u00a0\u00bb css=\u00a0\u00bb.vc_custom_1444218363032{padding-top: 70px !important;padding-bottom: 40px !important;}\u00a0\u00bb][vc_column width=\u00a0\u00bb1\/4&Prime; offset=\u00a0\u00bbvc_col-lg-2 vc_col-md-2&Prime;][vc_column_text] \u00c0 PROPOS [\/vc_column_text][vc_empty_space height=\u00a0\u00bb40px\u00a0\u00bb][vc_single_image image=\u00a0\u00bb6204&Prime; img_size=\u00a0\u00bbmedium\u00a0\u00bb][\/vc_column][vc_column width=\u00a0\u00bb1\/4&Prime; offset=\u00a0\u00bbvc_col-lg-10 vc_col-md-10&Prime;][vc_column_text]Bertrand Neuman est n\u00e9 le 10 juin 1967 \u00e0 Bruxelles et commence \u00e0 dessiner et \u00e0 peindre d\u00e8s l&rsquo;age de 7 ans. 1980&#8230;<\/p>\n","protected":false},"author":1,"featured_media":0,"parent":0,"menu_order":0,"comment_status":"closed","ping_status":"closed","template":"","meta":{"footnotes":""},"class_list":["post-4487","page","type-page","status-publish","hentry"],"_links":{"self":[{"href":"https:\/\/bertrandneuman.com\/index.php\/wp-json\/wp\/v2\/pages\/4487","targetHints":{"allow":["GET"]}}],"collection":[{"href":"https:\/\/bertrandneuman.com\/index.php\/wp-json\/wp\/v2\/pages"}],"about":[{"href":"https:\/\/bertrandneuman.com\/index.php\/wp-json\/wp\/v2\/types\/page"}],"author":[{"embeddable":true,"href":"https:\/\/bertrandneuman.com\/index.php\/wp-json\/wp\/v2\/users\/1"}],"replies":[{"embeddable":true,"href":"https:\/\/bertrandneuman.com\/index.php\/wp-json\/wp\/v2\/comments?post=4487"}],"version-history":[{"count":24,"href":"https:\/\/bertrandneuman.com\/index.php\/wp-json\/wp\/v2\/pages\/4487\/revisions"}],"predecessor-version":[{"id":6212,"href":"https:\/\/bertrandneuman.com\/index.php\/wp-json\/wp\/v2\/pages\/4487\/revisions\/6212"}],"wp:attachment":[{"href":"https:\/\/bertrandneuman.com\/index.php\/wp-json\/wp\/v2\/media?parent=4487"}],"curies":[{"name":"wp","href":"https:\/\/api.w.org\/{rel}","templated":true}]}}