{"id":4557,"date":"2025-04-03T10:51:47","date_gmt":"2025-04-03T08:51:47","guid":{"rendered":"https:\/\/bertrandneuman.com\/?page_id=4557"},"modified":"2025-07-31T11:14:06","modified_gmt":"2025-07-31T09:14:06","slug":"expositions","status":"publish","type":"page","link":"https:\/\/bertrandneuman.com\/index.php\/expositions\/","title":{"rendered":"Expositions"},"content":{"rendered":"<section class=\"wpb-content-wrapper\"><p>[vc_row][vc_column width=\u00a0\u00bb2\/3&Prime;][vc_column_text]<\/p>\n<h3><span style=\"color: #000000;\">Expositions de groupe <\/span><\/h3>\n<p><span style=\"color: #000000;\">1989<\/span><\/p>\n<ul>\n<li><span style=\"color: #000000;\">\u00ab\u00a0\u00c0 travers les chansons de Brel\u00a0\u00bb \u00e0 la maison natale de Jacques Brel et \u00e0 la maison de la culture d&rsquo;Ath.<\/span><\/li>\n<\/ul>\n<p><span style=\"color: #000000;\">789 an 1 de la libert\u00e9\u00a0\u00bb \u00e0 la Galerie du Parvis \u00e0 Bruxelles sous le haut patronage de l&rsquo;Ambassade de France avec Roger Somville en invit\u00e9 d&rsquo;honneur.<\/span><\/p>\n<p><span style=\"color: #000000;\">Participe au concours \u00ab\u00a0Libert\u00e9 Egalit\u00e9 Fraternit\u00e9, etc\u2026\u00a0\u00bb organis\u00e9 par la Ligue des Droits de l&rsquo;Homme.<\/span><\/p>\n<p><span style=\"color: #000000;\">1990<\/span><\/p>\n<ul>\n<li><span style=\"color: #000000;\">\u00c9laboration avec l&rsquo;artiste Louis Rives d&rsquo;un d\u00e9cor pour une com\u00e9die musicale \u00e0 Broadway (Shapiro th\u00e9\u00e2tre).<\/span><\/li>\n<li><span style=\"color: #000000;\">Alta Gamma, 1991<\/span><\/li>\n<li><span style=\"color: #000000;\">Paule Deboek Fine Arts,<\/span><\/li>\n<li><span style=\"color: #000000;\">Prix de peinture de la commune d&rsquo;Uccle.<\/span><\/li>\n<li><span style=\"color: #000000;\">Galerie Tempera, 1992<\/span><\/li>\n<li><span style=\"color: #000000;\">Paule Deboek Fine Arts, 1992-93<\/span><\/li>\n<li><span style=\"color: #000000;\">Lineart, 1993-94-95<\/span><\/li>\n<li><span style=\"color: #000000;\">Galerie L\u2019Homme qui rit, 1996<\/span><\/li>\n<li><span style=\"color: #000000;\">Kunst Galerij Ernest Verkest \u2020,Tielt, Belgique.<\/span><\/li>\n<li><span style=\"color: #000000;\">Galerie des Beaux-Arts, 1996-97<\/span><\/li>\n<li><span style=\"color: #000000;\">Expo Start \u00e0 Bruxelles, Anvers, Li\u00e8ge. 1999<\/span><\/li>\n<li><span style=\"color: #000000;\">K Gallery,<\/span><\/li>\n<li><span style=\"color: #000000;\">Lineart,<\/span><\/li>\n<li><span style=\"color: #000000;\">Grand March\u00e9 de l&rsquo;Art Contemporain, 2001<\/span><\/li>\n<li><span style=\"color: #000000;\">In Art We Trust,<\/span><\/li>\n<li><span style=\"color: #000000;\">Laur\u00e9at du prix du portrait L.Weiler, \u00e0 l\u2019Institut de France, Paris.<\/span><\/li>\n<li><span style=\"color: #000000;\">Parcours d&rsquo;artistes, 2003<\/span><\/li>\n<li><span style=\"color: #000000;\">\u00c9v\u00e9nement SFR organis\u00e9 par ROUGE au D\u00e9dicace Caf\u00e9,<\/span><\/li>\n<li><span style=\"color: #000000;\">2008<\/span>\n<ul>\n<li><span style=\"color: #000000;\">Itin\u00e9raires XXIX, Galerie Albert 1er, 2009<\/span><\/li>\n<li><span style=\"color: #000000;\">\u00abThe Dark Show\u00bb Nolias Art Gallery 2009<\/span><\/li>\n<li><span style=\"color: #000000;\">\u00abCouleurs d\u2019\u00e9t\u00e9\u00bb, Galerie Albert 1er, 2010<\/span><\/li>\n<li><span style=\"color: #000000;\">Itin\u00e9raires XXX, Galerie Albert 1er,<\/span><\/li>\n<\/ul>\n<\/li>\n<\/ul>\n<ul>\n<li><span style=\"color: #000000;\">CUTLOG, Foire d\u2019Art Contemporain, 2011<\/span><\/li>\n<li><span style=\"color: #000000;\">Itin\u00e9raires XXXI, Galerie Albert 1er, Bruxelles. 2012<\/span><\/li>\n<\/ul>\n<ul>\n<li><span style=\"color: #000000;\">\u00ab\u00a0Genearts\u00a0\u00bb, Arthus Gallery, Bruxelles.<\/span><\/li>\n<li><span style=\"color: #000000;\">\u00ab\u00a0Genearts\u00a0\u00bb, European Commission, Bruxelles.<\/span><\/li>\n<li><span style=\"color: #000000;\">Itin\u00e9raires XXXII, Galerie Albert 1er, Bruxelles.<\/span><\/li>\n<li><span style=\"color: #000000;\">Ben Uri \u00ab IJAYA \u00bb Awards, Londres<\/span><\/li>\n<\/ul>\n<p><span style=\"color: #000000;\">2013<\/span><\/p>\n<ul>\n<li><span style=\"color: #000000;\">Dazed &amp; Refused, Arch Gallery, London.<\/span><\/li>\n<li><span style=\"color: #000000;\">\u00ab See me \u00bb Exhibition space, New York.<\/span><\/li>\n<li><span style=\"color: #000000;\">\u00ab Kazerne Dossin \u00ab\u00a0M\u00e9morial &amp; Holocaust Museum with Nat Neujean, (Malines Belgium).<\/span><\/li>\n<li><span style=\"color: #000000;\">\u201cArtScope Miami\u201d SeeMe. \u00a0\u00a0 2014<\/span><\/li>\n<li><span style=\"color: #000000;\">CCU Bruxelles exposition avec Nat Neujean 2016<\/span><\/li>\n<li><span style=\"color: #000000;\">3F Bruxelles 2017<\/span><\/li>\n<\/ul>\n<p>[\/vc_column_text][\/vc_column][vc_column width=\u00a0\u00bb1\/3&Prime;][vc_column_text]<\/p>\n<h3><span style=\"color: #000000;\">Expositions Individuelles<\/span><\/h3>\n<p><span style=\"color: #000000;\">1989<\/span><\/p>\n<ul>\n<li><span style=\"color: #000000;\">Galerie Eresie, Florence,<\/span><\/li>\n<li><span style=\"color: #000000;\">Halles St Gery, Bruxelles. 1992<\/span><\/li>\n<li><span style=\"color: #000000;\">Galerie l&rsquo;Homme qui rit, 1993<\/span><\/li>\n<li><span style=\"color: #000000;\">Palazzo Rossi Proghi, Florence, 1996-97<\/span><\/li>\n<li><span style=\"color: #000000;\">Exposition priv\u00e9e avec le sculpteur Nat Neujean, Bruxelles.<\/span><\/li>\n<\/ul>\n<p><span style=\"color: #000000;\">1997<\/span><\/p>\n<ul>\n<li><span style=\"color: #000000;\">Kunst Galerij Ernest Verkest \u2020,Tielt, 1998<\/span><\/li>\n<li><span style=\"color: #000000;\">La Chocolaterie, 1999<\/span><\/li>\n<li><span style=\"color: #000000;\">Hippodrome de Boitsfort \u00ab\u00a0Absolut Vodka, Red Bull\u00a0\u00bb,<\/span><\/li>\n<\/ul>\n<p><span style=\"color: #000000;\">2001<\/span><\/p>\n<ul>\n<li><span style=\"color: #000000;\">Monkey Club, Paris, lancement du parfum de Rochas \u00ab\u00a0AnnaSui\u00a0\u00bb.<\/span><\/li>\n<\/ul>\n<p><span style=\"color: #000000;\">2003<\/span><\/p>\n<ul>\n<li><span style=\"color: #000000;\">Rosa, 2005<\/span><\/li>\n<li><span style=\"color: #000000;\">Galerie Ransbeck, Ohain, 2007<\/span><\/li>\n<li><span style=\"color: #000000;\">Exposition Priv\u00e9e,<\/span><\/li>\n<li><span style=\"color: #000000;\">Tribeca, 2008-09<\/span><\/li>\n<li><span style=\"color: #000000;\">Exposition sculpteur Nat Neujean \u00e0 la Galerie Albert 1er,<\/span><\/li>\n<\/ul>\n<p><span style=\"color: #000000;\">2010<\/span><\/p>\n<ul>\n<li><span style=\"color: #000000;\">Cercle Royal des Beaux Arts de Li\u00e8ge.<\/span><\/li>\n<\/ul>\n<p><span style=\"color: #000000;\">\u00a0\u00a0 2011<\/span><\/p>\n<ul>\n<li><span style=\"color: #000000;\">UNITED GALLERY,<\/span><\/li>\n<\/ul>\n<p><span style=\"color: #000000;\">\u00a0\u00a0 2012<\/span><\/p>\n<ul>\n<li><span style=\"color: #000000;\">\u00ab\u00a0Genearts\u00a0\u00bb, Arthus Gallery, Bruxelles.<\/span><\/li>\n<li><span style=\"color: #000000;\">\u00ab\u00a0Genearts\u00a0\u00bb, European Commission, Bruxelles.<\/span><\/li>\n<li><span style=\"color: #000000;\">Script Avenue Bruxelles<\/span><\/li>\n<\/ul>\n<p><span style=\"color: #000000;\">2016<\/span><\/p>\n<ul>\n<li><span style=\"color: #000000;\">Galerie Vertige Bruxelles, \u00abFace \u00e0 Face<\/span><\/li>\n<\/ul>\n<p>[\/vc_column_text][\/vc_column][\/vc_row][vc_row css=\u00a0\u00bb.vc_custom_1747226623949{margin-top: 50px !important;}\u00a0\u00bb][vc_column width=\u00a0\u00bb1\/4&Prime;][\/vc_column][vc_column width=\u00a0\u00bb1\/2&Prime;][vc_gallery interval=\u00a0\u00bb3&Prime; images=\u00a0\u00bb5665,5671,5670,5669,5668,5667,5666,5664,5703,5662,5661,5660,5659,5663,5708,5705,5672,5709,5710,5711,5658,5704,5673,5706,5707&Prime; img_size=\u00a0\u00bb400&#215;400&Prime;][\/vc_column][vc_column width=\u00a0\u00bb1\/4&Prime;][\/vc_column][\/vc_row][vc_row][vc_column width=\u00a0\u00bb1\/2&Prime;][vc_column_text]<span style=\"color: #000000;\">Bertrand Neuman (n\u00e9 en 1967), vit et travaille \u00e0 Bruxelles o\u00f9 il puise son inspiration<\/span><\/p>\n<p><span style=\"color: #000000;\">artistique depuis plus de vingt ans. Il est attach\u00e9 \u00e0 la repr\u00e9sentation de la forme<\/span><\/p>\n<p><span style=\"color: #000000;\">humaine et particuli\u00e8rement par les visages qui ont marqu\u00e9 son esprit. Jonglant avec<\/span><\/p>\n<p><span style=\"color: #000000;\">plusieurs techniques picturales tel que la peinture \u00e0 l&rsquo;huile, l&rsquo;encre de chine, l&rsquo;aquarelle<\/span><\/p>\n<p><span style=\"color: #000000;\">ou la lithographie, il r\u00e9interpr\u00e8te diff\u00e9rents th\u00e8mes universels au hasard de ses<\/span><\/p>\n<p><span style=\"color: #000000;\">r\u00e9flexions. On remarquera toutefois une pr\u00e9dominance pour la condition humaine dans<\/span><\/p>\n<p><span style=\"color: #000000;\">ses diff\u00e9rents aspects fussent ils des plus sombres ou encore des plus flamboyants.<\/span><\/p>\n<p><span style=\"color: #000000;\">Description succincte de son travail artistique.<\/span><\/p>\n<p><span style=\"color: #000000;\">Le fil conducteur du travail de B. Neuman trouve sa source dans un dialogue<\/span><\/p>\n<p><span style=\"color: #000000;\">ininterrompu entre mort, solitude et abandon.<\/span><\/p>\n<p><span style=\"color: #000000;\">Dialogue qu\u2019il attribue au douloureux pass\u00e9 de son p\u00e8re duquel il a inconsciemment<\/span><\/p>\n<p><span style=\"color: #000000;\">h\u00e9rit\u00e9. N\u00e9 en 1967, Bertrand est le fil d\u2019un survivant de la seconde guerre mondiale<\/span><\/p>\n<p><span style=\"color: #000000;\">contraint de dissimuler son identit\u00e9 juive afin d\u2019\u00e9chapper \u00e0 la d\u00e9portation.<\/span><\/p>\n<p><span style=\"color: #000000;\">Tout comme son p\u00e8re, Bertrand sera victime de ce que le psychanalyste William<\/span><\/p>\n<p><span style=\"color: #000000;\">Guglielmo Niederland identifiera dans les ann\u00e9es 60 comme le \u00ab syndrome du<\/span><\/p>\n<p><span style=\"color: #000000;\">survivant \u00bb. En effet, en 1990 il part vivre seul en Toscane o\u00f9 il sombrera durant deux<\/span><\/p>\n<p><span style=\"color: #000000;\">ans dans un profond \u00ab renfermement m\u00e9lancolique \u00bb.<\/span><\/p>\n<p><span style=\"color: #000000;\">Lorsque l\u2019on interroge l\u2019artiste sur cette p\u00e9riode de sa vie, on pressent &#8211; bien qu\u2019il en<\/span><\/p>\n<p><span style=\"color: #000000;\">soit sorti triomphant &#8211; que l\u2019isolement le piste en permanence et c\u2019est \u00e0 l\u2019aide de sa<\/span><\/p>\n<p><span style=\"color: #000000;\">peinture qu\u2019il choisit d\u2019affronter ses angoisses et de dompter l\u2019insupportable afin de se<\/span><\/p>\n<p><span style=\"color: #000000;\">tenir \u00e0 l\u2019\u00e9cart du pr\u00e9cipice.<\/span><\/p>\n<p><span style=\"color: #000000;\">Lorsque B.Neuman s\u2019applique sur ses portraits, le chapitre de la mort s\u2019introduit sur<\/span><\/p>\n<p><span style=\"color: #000000;\">ses toiles comme un questionnement vital. Celui-ci peut rev\u00eatir plusieurs formes selon<\/span><\/p>\n<p><span style=\"color: #000000;\">le th\u00e8me qu\u2019il s\u2019est impos\u00e9. <\/span>[\/vc_column_text][\/vc_column][vc_column width=\u00a0\u00bb1\/2&Prime;][vc_column_text]<span style=\"color: #000000;\">Dans heart of darkness (voir page 10, 11,12) il se plonge<\/span><\/p>\n<p><span style=\"color: #000000;\">dans le pass\u00e9 de neuf tueurs en s\u00e9rie am\u00e9ricains. Pour r\u00e9aliser cette oeuvre, il<\/span><\/p>\n<p><span style=\"color: #000000;\">d\u00e9cortiquera, des mois durant, leur histoire ainsi que leur profil psychologique. Tentant<\/span><\/p>\n<p><span style=\"color: #000000;\">de comprendre en vain ce qui peut pousser un homme \u00e0 choisir d\u2019exprimer la part<\/span><\/p>\n<p><span style=\"color: #000000;\">sombre de lui m\u00eame. A devenir un bourreau.<\/span><\/p>\n<p><span style=\"color: #000000;\">Dans Ghost (voir page 3, 4, 5), il se laisse rattraper par ses propres angoisses. Le vieil<\/span><\/p>\n<p><span style=\"color: #000000;\">homme accoud\u00e9 \u00e0 la fen\u00eatre n\u2019est autre qu\u2019un pensionnaire de la maison de retraite<\/span><\/p>\n<p><span style=\"color: #000000;\">qui fait face \u00e0 son atelier. Jour apr\u00e8s jour il l\u2019observe, constatant qu\u2019il est seul, sans<\/span><\/p>\n<p><span style=\"color: #000000;\">aucune famille pour lui rendre visite. Pris d\u2019une certaine compassion pour cet homme,<\/span><\/p>\n<p><span style=\"color: #000000;\">il d\u00e9cide de l\u2019immortaliser en toute intimit\u00e9. L\u2019oeuvre s\u2019av\u00e9rera d\u2019ailleurs pr\u00e9monitoire<\/span><\/p>\n<p><span style=\"color: #000000;\">car l\u2019homme d\u00e9c\u00e9dera quelques semaines apr\u00e8s son dernier coup de pinceau !<\/span><\/p>\n<p><span style=\"color: #000000;\">La femme fait \u00e9galement partie des sujets r\u00e9currents de son oeuvre. Que se soit en<\/span><\/p>\n<p><span style=\"color: #000000;\">peignant Kate Moss ou Marylin (voir page 6, 7) sans oublier la question de la<\/span><\/p>\n<p><span style=\"color: #000000;\">prostitution f\u00e9minine \u00e0 laquelle il s\u2019est longtemps int\u00e9ress\u00e9, ce que Bertrand cherche \u00e0<\/span><\/p>\n<p><span style=\"color: #000000;\">traduire c\u2019est l\u2019image derri\u00e8re laquelle ces femmes sont emprisonn\u00e9es. Et m\u00eame s\u2019il<\/span><\/p>\n<p><span style=\"color: #000000;\">d\u00e9roge \u00e0 la r\u00e8gle dans les portraits qui illustre sa femme, il n\u2019en demeure pas moins<\/span><\/p>\n<p><span style=\"color: #000000;\">qu\u2019il les intitule Dream (voir page18, 19) et Day dream (voir page 20, 21), comme s\u2019il<\/span><\/p>\n<p><span style=\"color: #000000;\">voulait la pr\u00e9server bien au chaud \u00e0 l\u2019\u00e9cart de sa m\u00e9lancolie.<\/span><\/p>\n<p><span style=\"color: #000000;\">Texte \u00e9crit en collaboration avec Ariane Verpoorten.<\/span><\/p>\n<p><span style=\"color: #000000;\">Motivations<\/span><\/p>\n<p><span style=\"color: #000000;\">Les motivations qui me conduisent \u00e0 pr\u00e9senter mon travail seront assez br\u00e8ves mais<\/span><\/p>\n<p><span style=\"color: #000000;\">n\u00e9anmoins explicites. Elles proviennent d\u2019un besoin de briser le silence, d\u2019un choix<\/span><\/p>\n<p><span style=\"color: #000000;\">d\u2019oser enfin parler de mon oeuvre telle que je la ressens, en regard \u00e0 mon pass\u00e9 h\u00e9rit\u00e9.<\/span>[\/vc_column_text][\/vc_column][\/vc_row][vc_row][vc_column][vc_empty_space][\/vc_column][\/vc_row]<\/p>\n<\/section>","protected":false},"excerpt":{"rendered":"<p>[vc_row][vc_column width=\u00a0\u00bb2\/3&Prime;][vc_column_text] Expositions de groupe 1989 \u00ab\u00a0\u00c0 travers les chansons de Brel\u00a0\u00bb \u00e0 la maison natale de Jacques Brel et \u00e0 la maison de la culture d&rsquo;Ath. 789 an 1 de la libert\u00e9\u00a0\u00bb \u00e0 la Galerie du Parvis \u00e0 Bruxelles sous le haut patronage de&#8230;<\/p>\n","protected":false},"author":1,"featured_media":0,"parent":0,"menu_order":0,"comment_status":"closed","ping_status":"closed","template":"","meta":{"footnotes":""},"class_list":["post-4557","page","type-page","status-publish","hentry"],"_links":{"self":[{"href":"https:\/\/bertrandneuman.com\/index.php\/wp-json\/wp\/v2\/pages\/4557","targetHints":{"allow":["GET"]}}],"collection":[{"href":"https:\/\/bertrandneuman.com\/index.php\/wp-json\/wp\/v2\/pages"}],"about":[{"href":"https:\/\/bertrandneuman.com\/index.php\/wp-json\/wp\/v2\/types\/page"}],"author":[{"embeddable":true,"href":"https:\/\/bertrandneuman.com\/index.php\/wp-json\/wp\/v2\/users\/1"}],"replies":[{"embeddable":true,"href":"https:\/\/bertrandneuman.com\/index.php\/wp-json\/wp\/v2\/comments?post=4557"}],"version-history":[{"count":22,"href":"https:\/\/bertrandneuman.com\/index.php\/wp-json\/wp\/v2\/pages\/4557\/revisions"}],"predecessor-version":[{"id":6444,"href":"https:\/\/bertrandneuman.com\/index.php\/wp-json\/wp\/v2\/pages\/4557\/revisions\/6444"}],"wp:attachment":[{"href":"https:\/\/bertrandneuman.com\/index.php\/wp-json\/wp\/v2\/media?parent=4557"}],"curies":[{"name":"wp","href":"https:\/\/api.w.org\/{rel}","templated":true}]}}